{"id":1119,"date":"2021-08-10T04:32:25","date_gmt":"2021-08-10T04:32:25","guid":{"rendered":"https:\/\/wpocean.com\/wp\/consultar\/?page_id=25"},"modified":"2026-03-30T13:41:44","modified_gmt":"2026-03-30T13:41:44","slug":"kontakt","status":"publish","type":"page","link":"https:\/\/www.thebrandtale.com\/en\/kontakt\/","title":{"rendered":"Contact"},"content":{"rendered":"<div data-elementor-type=\"wp-page\" data-elementor-id=\"1119\" class=\"elementor elementor-1119\" data-elementor-post-type=\"page\">\n\t\t\t\t\t\t<section class=\"elementor-section elementor-top-section elementor-element elementor-element-b94da6a elementor-section-boxed elementor-section-height-default elementor-section-height-default\" data-id=\"b94da6a\" data-element_type=\"section\" data-e-type=\"section\">\n\t\t\t\t\t\t<div class=\"elementor-container elementor-column-gap-default\">\n\t\t\t\t\t<div class=\"elementor-column elementor-col-100 elementor-top-column elementor-element elementor-element-a93b61e\" data-id=\"a93b61e\" data-element_type=\"column\" data-e-type=\"column\">\n\t\t\t<div class=\"elementor-widget-wrap elementor-element-populated\">\n\t\t\t\t\t\t<div class=\"elementor-element elementor-element-f0106e9 elementor-widget elementor-widget-spacer\" data-id=\"f0106e9\" data-element_type=\"widget\" data-e-type=\"widget\" data-widget_type=\"spacer.default\">\n\t\t\t\t<div class=\"elementor-widget-container\">\n\t\t\t\t\t\t\t<div class=\"elementor-spacer\">\n\t\t\t<div class=\"elementor-spacer-inner\"><\/div>\n\t\t<\/div>\n\t\t\t\t\t\t<\/div>\n\t\t\t\t<\/div>\n\t\t\t\t<div class=\"elementor-element elementor-element-2507080 elementor-widget elementor-widget-woocommerce-breadcrumb\" data-id=\"2507080\" data-element_type=\"widget\" data-e-type=\"widget\" data-widget_type=\"woocommerce-breadcrumb.default\">\n\t\t\t\t<div class=\"elementor-widget-container\">\n\t\t\t\t\t<nav class=\"woocommerce-breadcrumb\" aria-label=\"Breadcrumb\" data-no-translation=\"\" data-trp-gettext=\"\">Home<\/nav>\t\t\t\t<\/div>\n\t\t\t\t<\/div>\n\t\t\t\t<div class=\"elementor-element elementor-element-aefe2cc elementor-align-center elementor-widget elementor-widget-button\" data-id=\"aefe2cc\" data-element_type=\"widget\" data-e-type=\"widget\" data-widget_type=\"button.default\">\n\t\t\t\t<div class=\"elementor-widget-container\">\n\t\t\t\t\t\t\t\t\t<div class=\"elementor-button-wrapper\">\n\t\t\t\t\t<a class=\"elementor-button elementor-button-link elementor-size-sm\" href=\"https:\/\/calendly.com\/thebrandtale\/besplatnih-20-minuta-konzultacija\">\n\t\t\t\t\t\t<span class=\"elementor-button-content-wrapper\">\n\t\t\t\t\t\t\t\t\t<span class=\"elementor-button-text\">CHOOSE A DATE &amp; SIGN UP<\/span>\n\t\t\t\t\t<\/span>\n\t\t\t\t\t<\/a>\n\t\t\t\t<\/div>\n\t\t\t\t\t\t\t\t<\/div>\n\t\t\t\t<\/div>\n\t\t\t\t<div class=\"elementor-element elementor-element-51a0148 elementor-widget elementor-widget-wpo-consultar_contact_form\" data-id=\"51a0148\" data-element_type=\"widget\" data-e-type=\"widget\" data-widget_type=\"wpo-consultar_contact_form.default\">\n\t\t\t\t<div class=\"elementor-widget-container\">\n\t\t\t\t\t\t\t<div class=\"wpo-contact-pg-section\">\n\t\t\t<div class=\"wpo-contact-title\">\n\t\t\t\t<h2>Zatra\u017eite uvodni razgovor.<\/h2><p>Opi\u0161ite va\u0161 biznis i najve\u0107i izazov s kojim se trenutno suo\u010davate. \n\nPregledat \u0107u va\u0161 upit i javiti vam dostupne termine.<\/p>\t\t\t<\/div>\n\t\t\t<div class=\"wpo-contact-form-area\">\n\t\t\t\t\n<div class=\"wpcf7 no-js\" id=\"wpcf7-f320-o1\" lang=\"en-US\" dir=\"ltr\" data-wpcf7-id=\"320\">\n<div class=\"screen-reader-response\"><p role=\"status\" aria-live=\"polite\" aria-atomic=\"true\"><\/p> <ul><\/ul><\/div>\n<form action=\"\/en\/wp-json\/wp\/v2\/pages\/1119#wpcf7-f320-o1\" method=\"post\" class=\"wpcf7-form init\" aria-label=\"Contact form\" novalidate=\"novalidate\" data-status=\"init\" data-trp-original-action=\"\/en\/wp-json\/wp\/v2\/pages\/1119#wpcf7-f320-o1\">\n<fieldset class=\"hidden-fields-container\"><input type=\"hidden\" name=\"_wpcf7\" value=\"320\" \/><input type=\"hidden\" name=\"_wpcf7_version\" value=\"6.1.5\" \/><input type=\"hidden\" name=\"_wpcf7_locale\" value=\"en_US\" \/><input type=\"hidden\" name=\"_wpcf7_unit_tag\" value=\"wpcf7-f320-o1\" \/><input type=\"hidden\" name=\"_wpcf7_container_post\" value=\"0\" \/><input type=\"hidden\" name=\"_wpcf7_posted_data_hash\" value=\"\" \/><input type=\"hidden\" name=\"_wpcf7_recaptcha_response\" value=\"\" \/>\n<\/fieldset>\n<div class=\"wpo-contact-form-wrapper\">\n\t<div>\n\t\t<p><span class=\"wpcf7-form-control-wrap\" data-name=\"text-845\"><input size=\"40\" maxlength=\"400\" class=\"wpcf7-form-control wpcf7-text wpcf7-validates-as-required form-control\" aria-required=\"true\" aria-invalid=\"false\" placeholder=\"Your name\" value=\"\" type=\"text\" name=\"text-845\" \/><\/span>\n\t\t<\/p>\n\t<\/div>\n\t<div>\n\t\t<p><span class=\"wpcf7-form-control-wrap\" data-name=\"email-925\"><input size=\"40\" maxlength=\"400\" class=\"wpcf7-form-control wpcf7-email wpcf7-validates-as-required wpcf7-text wpcf7-validates-as-email form-control\" aria-required=\"true\" aria-invalid=\"false\" placeholder=\"Your email\" value=\"\" type=\"email\" name=\"email-925\" \/><\/span>\n\t\t<\/p>\n\t<\/div>\n\t<div>\n\t\t<p><span class=\"wpcf7-form-control-wrap\" data-name=\"tel-221\"><input size=\"40\" maxlength=\"400\" class=\"wpcf7-form-control wpcf7-tel wpcf7-validates-as-required wpcf7-text wpcf7-validates-as-tel form-control\" aria-required=\"true\" aria-invalid=\"false\" placeholder=\"Your phone number with country code\" value=\"\" type=\"tel\" name=\"tel-221\" \/><\/span>\n\t\t<\/p>\n\t<\/div>\n\t<div class=\"fullwidth\">\n\t\t<p><span class=\"wpcf7-form-control-wrap\" data-name=\"textarea-678\"><textarea cols=\"40\" rows=\"10\" maxlength=\"2000\" class=\"wpcf7-form-control wpcf7-textarea wpcf7-validates-as-required form-control\" aria-required=\"true\" aria-invalid=\"false\" placeholder=\"\u010cime se bavite, koliko dugo ste u biznisu i \u0161to biste najvi\u0161e voljeli promijeniti ili ubrzati?\" name=\"textarea-678\"><\/textarea><\/span>\n\t\t<\/p>\n\t<\/div>\n\t<div class=\"submit-area\">\n\t\t<p><input class=\"wpcf7-form-control wpcf7-submit has-spinner consultar-cf7-btn\" type=\"submit\" value=\"PO\u0160ALJI UPIT \u2192\" \/>\n\t\t<\/p>\n\t<\/div>\n<\/div><div class=\"wpcf7-response-output\" aria-hidden=\"true\"><\/div>\n<input type=\"hidden\" name=\"trp-form-language\" value=\"en\"\/><\/form>\n<\/div>\n\t\t\t<\/div>\n\t\t<\/div>\n\t\t\t\t<\/div>\n\t\t\t\t<\/div>\n\t\t\t\t\t<\/div>\n\t\t<\/div>\n\t\t\t\t\t<\/div>\n\t\t<\/section>\n\t\t\t\t<\/div>","protected":false},"excerpt":{"rendered":"ODABERI DATUM I PRIJAVI SE! Zatra\u017eite uvodni razgovor. Opi\u0161ite va\u0161 biznis i najve\u0107i izazov s kojim se trenutno suo\u010davate. Pregledat \u0107u va\u0161 upit i javiti vam dostupne termine.","protected":false},"author":1,"featured_media":1497,"parent":0,"menu_order":0,"comment_status":"closed","ping_status":"closed","template":"elementor_header_footer","meta":{"footnotes":""},"class_list":["post-1119","page","type-page","status-publish","has-post-thumbnail","hentry"],"aioseo_notices":[],"_links":{"self":[{"href":"https:\/\/www.thebrandtale.com\/en\/wp-json\/wp\/v2\/pages\/1119","targetHints":{"allow":["GET"]}}],"collection":[{"href":"https:\/\/www.thebrandtale.com\/en\/wp-json\/wp\/v2\/pages"}],"about":[{"href":"https:\/\/www.thebrandtale.com\/en\/wp-json\/wp\/v2\/types\/page"}],"author":[{"embeddable":true,"href":"https:\/\/www.thebrandtale.com\/en\/wp-json\/wp\/v2\/users\/1"}],"replies":[{"embeddable":true,"href":"https:\/\/www.thebrandtale.com\/en\/wp-json\/wp\/v2\/comments?post=1119"}],"version-history":[{"count":25,"href":"https:\/\/www.thebrandtale.com\/en\/wp-json\/wp\/v2\/pages\/1119\/revisions"}],"predecessor-version":[{"id":3232,"href":"https:\/\/www.thebrandtale.com\/en\/wp-json\/wp\/v2\/pages\/1119\/revisions\/3232"}],"wp:featuredmedia":[{"embeddable":true,"href":"https:\/\/www.thebrandtale.com\/en\/wp-json\/wp\/v2\/media\/1497"}],"wp:attachment":[{"href":"https:\/\/www.thebrandtale.com\/en\/wp-json\/wp\/v2\/media?parent=1119"}],"curies":[{"name":"wp","href":"https:\/\/api.w.org\/{rel}","templated":true}]}}