{"id":3,"date":"2024-03-06T02:42:26","date_gmt":"2024-03-06T02:42:26","guid":{"rendered":"http:\/\/thebrandtale.com\/?page_id=3"},"modified":"2024-08-20T12:11:09","modified_gmt":"2024-08-20T12:11:09","slug":"politika-o-privatnosti","status":"publish","type":"page","link":"https:\/\/www.thebrandtale.com\/en\/politika-o-privatnosti\/","title":{"rendered":"Privacy policy"},"content":{"rendered":"<div data-elementor-type=\"wp-page\" data-elementor-id=\"3\" class=\"elementor elementor-3\" data-elementor-post-type=\"page\">\n\t\t\t\t<div class=\"elementor-element elementor-element-69d57a85 e-flex e-con-boxed e-con e-parent\" data-id=\"69d57a85\" data-element_type=\"container\" data-e-type=\"container\">\n\t\t\t\t\t<div class=\"e-con-inner\">\n\t\t\t\t\t<\/div>\n\t\t\t\t<\/div>\n\t\t<div class=\"elementor-element elementor-element-f20c179 e-flex e-con-boxed e-con e-parent\" data-id=\"f20c179\" data-element_type=\"container\" data-e-type=\"container\">\n\t\t\t\t\t<div class=\"e-con-inner\">\n\t\t\t\t<div class=\"elementor-element elementor-element-1397358 elementor-widget elementor-widget-heading\" data-id=\"1397358\" data-element_type=\"widget\" data-e-type=\"widget\" data-widget_type=\"heading.default\">\n\t\t\t\t<div class=\"elementor-widget-container\">\n\t\t\t\t\t<h1 class=\"elementor-heading-title elementor-size-default\">Privacy policy<\/h1>\t\t\t\t<\/div>\n\t\t\t\t<\/div>\n\t\t\t\t<div class=\"elementor-element elementor-element-5034ab6 elementor-widget elementor-widget-spacer\" data-id=\"5034ab6\" data-element_type=\"widget\" data-e-type=\"widget\" data-widget_type=\"spacer.default\">\n\t\t\t\t<div class=\"elementor-widget-container\">\n\t\t\t\t\t\t\t<div class=\"elementor-spacer\">\n\t\t\t<div class=\"elementor-spacer-inner\"><\/div>\n\t\t<\/div>\n\t\t\t\t\t\t<\/div>\n\t\t\t\t<\/div>\n\t\t\t\t<div class=\"elementor-element elementor-element-81b917b elementor-widget elementor-widget-text-editor\" data-id=\"81b917b\" data-element_type=\"widget\" data-e-type=\"widget\" data-widget_type=\"text-editor.default\">\n\t\t\t\t<div class=\"elementor-widget-container\">\n\t\t\t\t\t\t\t\t\t<h2 class=\"p1\">IZJAVA O PRIVATNOSTI<\/h2>\n<p class=\"p1\">Ovom izjavom se obvezujemo da \u0107emo za\u0161tititi privatnost korisnika, kupaca i posjetitelja na\u0161e web stranice i sigurnost osobnih podataka koje nam pru\u017eaju putem web stranice.<\/p>\n<h3>\u00a0<\/h3>\n<h3 class=\"p3\">Koje informacije prikupljamo i kako ih koristimo?<\/h3>\n<p class=\"p1\">Ova obavijest opisuje vrstu informacija koje mo\u017eemo prikupiti od vas kada posjetite na\u0161u web stranicu i obja\u0161njava kako upotrebljavamo te podatke i korake koje poduzimamo da bismo ih za\u0161titili. Obavijest tako\u0111er opisuje izbore koje imate u vezi s prikupljanjem i kori\u0161tenjem va\u0161ih podataka prilikom posjete na\u0161oj web stranici.<\/p>\n<p class=\"p1\">Op\u0107enito, mo\u017eete posjetiti na\u0161u web stranicu bez otkrivanja osobnih podataka o sebi.<\/p>\n<p class=\"p1\">Ne prikupljamo osobne podatke o vama (kao \u0161to su va\u0161e ime i pojedinosti o kontaktu) kada posjetite ovu web stranicu, osim ako dobrovoljno ne po\u0161aljete podatke pomo\u0107u jednog od dostupnih obrazaca za odre\u0111enu svrhu (kontakt obrazac, registracijski obrazac, obrazac za kupovinu) i time date va\u0161u privolu na prikupljanje i kori\u0161tenje va\u0161ih osobnih podataka u navedene svrhe.<\/p>\n<p class=\"p1\">Svi osobni podaci koriste se isklju\u010divo u svrhe radi koje su prikupljeni i za koje je dana privola.<\/p>\n<p class=\"p1\">Privolu za obradu osobnih podataka mogu dati osobe s navr\u0161enih 16 godina ili vi\u0161e, dok za osobe mla\u0111e od 16 privolu mo\u017ee dati roditelj ili skrbnik.<\/p>\n<p class=\"p1\">Prikupljene podatke ne\u0107emo ni na koji na\u010din u\u010diniti dostupnima neovla\u0161tenim tre\u0107im osobama, osim u zakonom propisanu svrhu.<\/p>\n<p class=\"p1\">Svi podaci se bri\u0161u nakon prestanka svrhe za koju su prikupljeni, odnosno prestankom ugovornog odnosa, a najkasnije po isteku svih zakonskih obveza povezanih s \u010duvanjem osobnih podataka.<\/p>\n<p class=\"p1\">Ovdje navodimo mogu\u0107e dodatne okolnosti u kojima \u0107emo Va\u0161e informacije podijeliti sa ovla\u0161tenim tre\u0107im stranama i dodatne svrhe za koje koristimo Va\u0161e podatke:<\/p>\n<h3>\u00a0<\/h3>\n<h3 class=\"p3\">Pru\u017eanje informacija Google Inc.<\/h3>\n<p class=\"p1\">Google prikuplja informacije putem na\u0161e upotrebe usluge Google Analytics na na\u0161oj web stranici. Google koristi ove informacije, uklju\u010duju\u0107i IP adrese i podatke iz kola\u010di\u0107a, u vi\u0161e svrha, kao \u0161to je pobolj\u0161anje usluge Google Analytics.<\/p>\n<p class=\"p1\">Informacije se dijele s Googleom na anonimnoj osnovi. Da biste saznali vi\u0161e o tome koje informacije Google prikuplja, kako upotrebljava te informacije i kako kontrolirati informacije poslane Googleu, pogledajte\u00a0<a href=\"https:\/\/web.archive.org\/web\/20230603102447\/https:\/\/www.google.com\/policies\/privacy\/partners\/\"><span class=\"s1\">stranicu partnera<\/span><\/a>\u00a0Googleovih pravila o privatnosti. Mo\u017eete se isklju\u010diti iz usluge Google Analytics tako da instalirate sljede\u0107i dodatak pregledniku:\u00a0<a href=\"https:\/\/web.archive.org\/web\/20230603102447\/https:\/\/tools.google.com\/dlpage\/gaoptout\"><span class=\"s1\">https:\/\/tools.google.com\/dlpage\/gaoptout<\/span><\/a><\/p>\n<h3>\u00a0<\/h3>\n<h3 class=\"p3\">Facebook pixel \/ pra\u0107enje konverzija<\/h3>\n<p class=\"p1\">S Va\u0161im dopu\u0161tenjem, na\u0161e web stranice koristi Facebookov Pixel pra\u0107enja konverzija. Na taj na\u010din mo\u017eemo pratiti Va\u0161e kretanje kada kliknete na Facebook oglas te pratimo u\u010dinkovitost Facebook oglasa za potrebe statistike i istra\u017eivanja tr\u017ei\u0161ta.<\/p>\n<p class=\"p1\">Podaci koje prikupljamo su u potpunosti anonimni.<\/p>\n<p class=\"p1\">Ipak, prikupljene podatke Facebook pohranjuje i procesuira (u skladu s njihovom politikom upotrebe podataka koju mo\u017eete prona\u0107i na sljede\u0107em linku:\u00a0<a href=\"https:\/\/web.archive.org\/web\/20230603102447\/https:\/\/www.facebook.com\/about\/privacy\/\"><span class=\"s1\">https:\/\/www.facebook.com\/about\/privacy\/<\/span><\/a>).<\/p>\n<p class=\"p1\">Facebook pra\u0107enje konverzija omogu\u0107uje Facebooku i njegovim partnerima da Vam prikazuju oglase na i izvan Facebooka. Na Va\u0161em ra\u010dunalu pohranit \u0107e se kola\u010di\u0107 za tu svrhu. (Ukoliko \u017eelite otkazati svoju suglasnost posjetite link:\u00a0<a href=\"https:\/\/web.archive.org\/web\/20230603102447\/https:\/\/www.facebook.com\/ads\/website_custom_audiences\/\"><span class=\"s1\">https:\/\/www.facebook.com\/ads\/website_custom_audiences\/<\/span><\/a>)<\/p>\n<h3>\u00a0<\/h3>\n<h3 class=\"p3\">Ra\u010dunovodstvo<\/h3>\n<p class=\"p1\">Podijelimo podatke s na\u0161im ra\u010dunovo\u0111ama za porezne svrhe. Na primjer, dijelimo fakture koje izdajemo i primamo kod na\u0161ih ra\u010dunovo\u0111a u svrhu popunjavanja poreznih prijava i ra\u010duna na kraju godine.<\/p>\n<p class=\"p1\">Vrste osobnih podataka koji se obra\u0111uju \u2013 osobni podaci koji se prikupljaju temeljem kontakt obrasca su: ime i prezime, e-mail, telefonski broj i adresa, u slu\u010daju slanja fizi\u010dkih proizvoda.<\/p>\n<p class=\"p1\">Osobni podaci koji se prikupljaju temeljem registracijskog obrasca i obrasca za kupovinu: ime i prezime, e-mail, adresa, grad i po\u0161tanski broj, dr\u017eava, broj telefona.<\/p>\n<p class=\"p3\">Informacije koje se automatski prikupljaju na na\u0161oj web stranici<\/p>\n<p class=\"p1\">Automatski prikupljamo informacije u log datotekama poslu\u017eitelja, kao \u0161to je va\u0161a IP adresa, vrsta preglednika, stranice za preusmjeravanje \/ izlazak i operativni sustav. Koristimo ove informacije kako bismo upravljali na\u0161im web stranicama i na\u0161im tehni\u010dkim rje\u0161enjima, razumjeli kako se posjetitelji kre\u0107u kroz na\u0161u web stranicu i usluge te da pobolj\u0161amo va\u0161e iskustvo dok koristite na\u0161e web stranice i usluge.<\/p>\n<h3>\u00a0<\/h3>\n<h3 class=\"p3\">Pristup i a\u017euriranje va\u0161ih osobnih podataka<\/h3>\n<p class=\"p1\">Na\u0161 korisnik u svakom trenutku ima sljede\u0107a prava:<\/p>\n<ul>\n<li>\n<h6>pravo na pristup podacima i uvid u podatke<\/h6>\n<\/li>\n<li>\n<h6>pravo na informiranost o obradi osobnih podataka<\/h6>\n<\/li>\n<li>\n<h6>pravo na prenosivost podataka<\/h6>\n<\/li>\n<li>\n<h6>pravo na povla\u010denje privole<\/h6>\n<\/li>\n<li>\n<h6>pravo na podno\u0161enje prigovora<\/h6>\n<\/li>\n<li>\n<h6>pravo na ispravak i promjenu osobnih podataka u slu\u010daju ako su podaci nepotpuni ili neto\u010dni<\/h6>\n<\/li>\n<li>\n<h6>pravo na brisanje u slu\u010dajevima kao \u0161to su prestanak svrhe obrade, povla\u010denje privole ili u slu\u010daju podno\u0161enja prigovora<\/h6>\n<\/li>\n<\/ul>\n<p class=\"p1\">Ako \u017eelite ostvariti neko od navedenih prava, kontaktirajte nas putem kontakt forme na na\u0161oj\u00a0<a href=\"https:\/\/www.thebrandtale.com\/en\/kontakt\/\"><span class=\"s1\">kon<\/span><span class=\"s1\">takt stranici<\/span>.<\/a><\/p>\n<h3>\u00a0<\/h3>\n<h3 class=\"p3\">Sigurnost va\u0161ih osobnih podataka<\/h3>\n<p class=\"p1\">Predani smo poduzimanju odgovaraju\u0107ih tehni\u010dkih i organizacijskih mjera za za\u0161titu va\u0161ih osobnih podataka od neovla\u0161tenog ili nezakonitog postupanja s njima i od njihovog slu\u010dajnog gubitka, uni\u0161tenja ili o\u0161te\u0107enja. Prilikom davanja va\u0161ih osobnih podataka putem na\u0161e web stranice, ove se informacije \u0161alju putem interneta sigurno pomo\u0107u visokokvalitetnih \u0161ifriranja i spremaju na na\u0161e sigurne servere koji se nalaze u EU.<\/p>\n<h3>\u00a0<\/h3>\n<h3 class=\"p3\">Izjava o za\u0161titi prijenosa osobnih podataka<\/h3>\n<p class=\"p1\">Za\u0161tita osobnih podataka u skladu sa Op\u0107om uredbom o za\u0161titi podataka Europskog parlamenta i Vije\u0107a broj 2016\/679-Uredba te provedbe Op\u0107e uredbe o za\u0161titi podataka.<\/p>\n<p class=\"p1\">Stripe kao izvr\u0161itelj provo\u0111enja autorizacije i naplate kreditnih kartica postupa s osobnim podacima u svojstvu izvr\u0161itelja obrade te sa osobnim podacima postupa u skladu sa Op\u0107om uredbom o za\u0161titi podataka Europskog parlamenta i Vije\u0107a broj 2016\/679 te prema strogim pravilima PCI DSS L1 regulative o za\u0161tititi upisa i prijenosa podataka.<\/p>\n<p class=\"p1\">Stripe koristi SSL certifikat 256 bitne enkripcije te TLS 1.2 kriptografski protokol kao najvi\u0161e stupnjeve za\u0161tite kod upisa i prijenosa podataka.<\/p>\n<p class=\"p1\">Osobni podaci koji se koriste u svrhu autorizacije i naplate odnosno u izvr\u0161avanja obveza iz Ugovora ili temeljem Ugovora, smatraju se povjerljivim podacima.<\/p>\n<p class=\"p1\">Za izvr\u0161enje Ugovora (autorizacije i naplate) potrebni su sljede\u0107i osobni podaci kupca:<\/p>\n<ul class=\"ul1\">\n<li class=\"li1\">\n<h6>Ime i prezime<\/h6>\n<\/li>\n<li class=\"li1\">\n<h6>E-mail<\/h6>\n<\/li>\n<li class=\"li1\">\n<h6>Telefon<\/h6>\n<\/li>\n<li class=\"li1\">\n<h6>Adresa<\/h6>\n<\/li>\n<li class=\"li1\">\n<h6>Mjesto<\/h6>\n<\/li>\n<li class=\"li1\">\n<h6>Po\u0161tanski broj<\/h6>\n<\/li>\n<li class=\"li1\">\n<h6>Dr\u017eava<\/h6>\n<\/li>\n<li class=\"li1\">\n<h6>Vrsta kartice<\/h6>\n<\/li>\n<li class=\"li1\">\n<h6>Broj kartice<\/h6>\n<\/li>\n<li class=\"li1\">\n<h6>Vrijeme trajanja kartice<\/h6>\n<\/li>\n<li class=\"li1\">\n<h6>CVV kod kartice<\/h6>\n<\/li>\n<\/ul>\n<p class=\"p1\">Stripe ove osobne podatke ne obra\u0111uje niti koristi osim u svrhe izvr\u0161enja ugovora autorizacije i naplate.<\/p>\n<p class=\"p1\">Stripe jam\u010di ispunjavanje svih uvjeta odre\u0111enih va\u017ee\u0107im propisima o za\u0161titi osobnih podataka za izvr\u0161itelje obrade osobnih podataka, a osobito poduzimanje svih potrebnih tehni\u010dkih, organizacijskih i sigurnosnih mjera a to naro\u010dito potvr\u0111uje i PCI DSS L1 certifikatom.<\/p>\n<h3>\u00a0<\/h3>\n<h3 class=\"p3\">Izjava o kori\u0161tenju Stripe-a<\/h3>\n<p class=\"p3\"><b>The Brand Tale<\/b>\u00a0(<a href=\"https:\/\/web.archive.org\/web\/20230603102447\/http:\/\/www.thebrandtale.com)\/\"><span class=\"s1\">www.thebrandtale.com)<\/span><\/a>\u00a0\u00a0koristi Stripe za online pla\u0107anja.<\/p>\n<p class=\"p1\">Stripe je siguran sustav za online pla\u0107anje, pla\u0107anje u realnom vremenu, kreditnim i debitnim karticama te drugim na\u010dinima pla\u0107anja.<\/p>\n<p class=\"p1\">Stripe kupcu i trgovcu osiguravaju siguran upis i prijenos upisanih podataka o karticama \u0161to podvr\u0111uje i PCI DSS certifikat koji Stripe ima.<\/p>\n<p class=\"p1\">Stripe koristi SSL certifikat 256 bitne enkripcije te TLS 1.2 kriptografski protokol kao najvi\u0161e stupnjeve za\u0161tite kod upisa i prijenosa podataka.<\/p>\t\t\t\t\t\t\t\t<\/div>\n\t\t\t\t<\/div>\n\t\t\t\t<div class=\"elementor-element elementor-element-7933273 elementor-widget elementor-widget-spacer\" data-id=\"7933273\" data-element_type=\"widget\" data-e-type=\"widget\" data-widget_type=\"spacer.default\">\n\t\t\t\t<div class=\"elementor-widget-container\">\n\t\t\t\t\t\t\t<div class=\"elementor-spacer\">\n\t\t\t<div class=\"elementor-spacer-inner\"><\/div>\n\t\t<\/div>\n\t\t\t\t\t\t<\/div>\n\t\t\t\t<\/div>\n\t\t\t\t\t<\/div>\n\t\t\t\t<\/div>\n\t\t\t\t<\/div>","protected":false},"excerpt":{"rendered":"Politika o privatnosti IZJAVA O PRIVATNOSTI Ovom izjavom se obvezujemo da \u0107emo za\u0161tititi privatnost korisnika, kupaca i posjetitelja na\u0161e web stranice i sigurnost osobnih podataka koje nam pru\u017eaju putem web stranice. \u00a0 Koje informacije prikupljamo i kako ih koristimo? Ova obavijest opisuje vrstu informacija koje mo\u017eemo prikupiti od vas kada posjetite na\u0161u web stranicu i","protected":false},"author":1,"featured_media":0,"parent":0,"menu_order":0,"comment_status":"closed","ping_status":"closed","template":"elementor_header_footer","meta":{"footnotes":""},"class_list":["post-3","page","type-page","status-publish","hentry"],"aioseo_notices":[],"_links":{"self":[{"href":"https:\/\/www.thebrandtale.com\/en\/wp-json\/wp\/v2\/pages\/3","targetHints":{"allow":["GET"]}}],"collection":[{"href":"https:\/\/www.thebrandtale.com\/en\/wp-json\/wp\/v2\/pages"}],"about":[{"href":"https:\/\/www.thebrandtale.com\/en\/wp-json\/wp\/v2\/types\/page"}],"author":[{"embeddable":true,"href":"https:\/\/www.thebrandtale.com\/en\/wp-json\/wp\/v2\/users\/1"}],"replies":[{"embeddable":true,"href":"https:\/\/www.thebrandtale.com\/en\/wp-json\/wp\/v2\/comments?post=3"}],"version-history":[{"count":8,"href":"https:\/\/www.thebrandtale.com\/en\/wp-json\/wp\/v2\/pages\/3\/revisions"}],"predecessor-version":[{"id":1330,"href":"https:\/\/www.thebrandtale.com\/en\/wp-json\/wp\/v2\/pages\/3\/revisions\/1330"}],"wp:attachment":[{"href":"https:\/\/www.thebrandtale.com\/en\/wp-json\/wp\/v2\/media?parent=3"}],"curies":[{"name":"wp","href":"https:\/\/api.w.org\/{rel}","templated":true}]}}