{"id":703,"date":"2021-08-17T06:50:23","date_gmt":"2021-08-17T06:50:23","guid":{"rendered":"https:\/\/wpocean.com\/wp\/consultar\/?page_id=703"},"modified":"2026-03-29T18:10:49","modified_gmt":"2026-03-29T18:10:49","slug":"projekti","status":"publish","type":"page","link":"https:\/\/www.thebrandtale.com\/en\/projekti\/","title":{"rendered":"Case studies"},"content":{"rendered":"<div data-elementor-type=\"wp-page\" data-elementor-id=\"703\" class=\"elementor elementor-703\" data-elementor-post-type=\"page\">\n\t\t\t\t<div class=\"elementor-element elementor-element-00fa607 e-flex e-con-boxed e-con e-parent\" data-id=\"00fa607\" data-element_type=\"container\" data-e-type=\"container\">\n\t\t\t\t\t<div class=\"e-con-inner\">\n\t\t\t\t<div class=\"elementor-element elementor-element-3722b92 elementor-widget elementor-widget-woocommerce-breadcrumb\" data-id=\"3722b92\" data-element_type=\"widget\" data-e-type=\"widget\" data-widget_type=\"woocommerce-breadcrumb.default\">\n\t\t\t\t<div class=\"elementor-widget-container\">\n\t\t\t\t\t<nav class=\"woocommerce-breadcrumb\" aria-label=\"Breadcrumb\" data-no-translation=\"\" data-trp-gettext=\"\">Home<\/nav>\t\t\t\t<\/div>\n\t\t\t\t<\/div>\n\t\t\t\t<div class=\"elementor-element elementor-element-338b132 elementor-widget elementor-widget-spacer\" data-id=\"338b132\" data-element_type=\"widget\" data-e-type=\"widget\" data-widget_type=\"spacer.default\">\n\t\t\t\t<div class=\"elementor-widget-container\">\n\t\t\t\t\t\t\t<div class=\"elementor-spacer\">\n\t\t\t<div class=\"elementor-spacer-inner\"><\/div>\n\t\t<\/div>\n\t\t\t\t\t\t<\/div>\n\t\t\t\t<\/div>\n\t\t\t\t<div class=\"elementor-element elementor-element-f9a01dd elementor-widget elementor-widget-heading\" data-id=\"f9a01dd\" data-element_type=\"widget\" data-e-type=\"widget\" data-widget_type=\"heading.default\">\n\t\t\t\t<div class=\"elementor-widget-container\">\n\t\t\t\t\t<h1 class=\"elementor-heading-title elementor-size-default\">CASE STUDIES<\/h1>\t\t\t\t<\/div>\n\t\t\t\t<\/div>\n\t\t\t\t<div class=\"elementor-element elementor-element-b819e2c elementor-widget elementor-widget-spacer\" data-id=\"b819e2c\" data-element_type=\"widget\" data-e-type=\"widget\" data-widget_type=\"spacer.default\">\n\t\t\t\t<div class=\"elementor-widget-container\">\n\t\t\t\t\t\t\t<div class=\"elementor-spacer\">\n\t\t\t<div class=\"elementor-spacer-inner\"><\/div>\n\t\t<\/div>\n\t\t\t\t\t\t<\/div>\n\t\t\t\t<\/div>\n\t\t\t\t<div class=\"elementor-element elementor-element-297d390 elementor-widget elementor-widget-wpo-consultar_project\" data-id=\"297d390\" data-element_type=\"widget\" data-e-type=\"widget\" data-widget_type=\"wpo-consultar_project.default\">\n\t\t\t\t<div class=\"elementor-widget-container\">\n\t\t\t\t\t\n\t\t<div class=\"wpo-gallery-section wpo-gallery-section-s2\">\n\t\t\t<div class=\"wpo-gallery-container\">\n\t\t\t\t\t\t\t\t\t\t<div class=\"grid\">\n\t\t\t\t\t\t\t<div class=\"wpo-gallery-item\">\n\t\t\t\t\t\t\t\t<a href=\"https:\/\/www.thebrandtale.com\/en\/projekt\/www-raw-bag-com\/\">\n\t\t\t\t\t\t\t\t\t<img decoding=\"async\" class=\"img img-responsive\"  src=\"https:\/\/www.thebrandtale.com\/wp-content\/uploads\/2026\/01\/naslovna-scaled.webp\" alt=\"naslovna_Raw_bag\">\t\t\t\t\t\t\t\t\t<div class=\"wpo-gallery-text\">\n\t\t\t\t\t\t\t\t\t\t<h3>Raw Bag<\/h3><i class=\"ti-plus\"><\/i>\t\t\t\t\t\t\t\t\t<\/div>\n\t\t\t\t\t\t\t\t<\/a>\n\t\t\t\t\t\t\t<\/div>\n\t\t\t\t\t\t<\/div>\n\t\t\t\t\t\t<!--\/item-->\n\t\t\t\t\t\t\t\t\t\t<div class=\"grid\">\n\t\t\t\t\t\t\t<div class=\"wpo-gallery-item\">\n\t\t\t\t\t\t\t\t<a href=\"https:\/\/www.thebrandtale.com\/en\/projekt\/www-nadja-hr\/\">\n\t\t\t\t\t\t\t\t\t<img decoding=\"async\" class=\"img img-responsive\"  src=\"https:\/\/www.thebrandtale.com\/wp-content\/uploads\/2026\/01\/Screenshot2026-01-27at22.42.56-ezgif.com-png-to-webp-converter-scaled.webp\" alt=\"Nadja.hr_home\">\t\t\t\t\t\t\t\t\t<div class=\"wpo-gallery-text\">\n\t\t\t\t\t\t\t\t\t\t<h3>Nadja.hr<\/h3><i class=\"ti-plus\"><\/i>\t\t\t\t\t\t\t\t\t<\/div>\n\t\t\t\t\t\t\t\t<\/a>\n\t\t\t\t\t\t\t<\/div>\n\t\t\t\t\t\t<\/div>\n\t\t\t\t\t\t<!--\/item-->\n\t\t\t\t\t\t\t\t\t\t<div class=\"grid\">\n\t\t\t\t\t\t\t<div class=\"wpo-gallery-item\">\n\t\t\t\t\t\t\t\t<a href=\"https:\/\/www.thebrandtale.com\/en\/projekt\/www-incloudsjournal-com\/\">\n\t\t\t\t\t\t\t\t\t<img decoding=\"async\" class=\"img img-responsive\"  src=\"https:\/\/www.thebrandtale.com\/wp-content\/uploads\/2026\/01\/Screenshot-2026-01-27-at-22.30.01-scaled.webp\" alt=\"In_clouds_home_page\">\t\t\t\t\t\t\t\t\t<div class=\"wpo-gallery-text\">\n\t\t\t\t\t\t\t\t\t\t<h3>InClouds.journal<\/h3><i class=\"ti-plus\"><\/i>\t\t\t\t\t\t\t\t\t<\/div>\n\t\t\t\t\t\t\t\t<\/a>\n\t\t\t\t\t\t\t<\/div>\n\t\t\t\t\t\t<\/div>\n\t\t\t\t\t\t<!--\/item-->\n\t\t\t\t\t\t\t<\/div>\n\t\t\t\t\t<\/div>\n\t\t\t\t<\/div>\n\t\t\t\t<\/div>\n\t\t\t\t<div class=\"elementor-element elementor-element-bd775aa elementor-widget elementor-widget-wpo-follio_projectitem\" data-id=\"bd775aa\" data-element_type=\"widget\" data-e-type=\"widget\" data-widget_type=\"wpo-follio_projectitem.default\">\n\t\t\t\t<div class=\"elementor-widget-container\">\n\t\t\t\t\t\t\t<div class=\"wpo-project-single-box\">\n\t\t\t<ul>\n\t\t\t\t<li>WWW.NADJA.HR<span>Custom website with a web shop for a psychotherapist and setting up the Learndash program for selling online courses.\n\nSetting up the sale of an online subscription program. Monthly flat-rate website maintenance for more than 5 years.\n\nOrganization and creation of email marketing campaigns and automation.<\/span><\/li><li>WWW.MAJAOG.COM<span>Wordpress custom website with a web shop for a fertility nutritionist, setting up the Learndash program for selling online courses, setting up the sale of a subscription online program.\n\nMonthly flat-rate website maintenance for more than 5 years and ongoing. Organization and creation of email marketing campaigns and automation. Book launch preparation. Marketing and sales consulting.<\/span><\/li><li>WWW.BITEART.HR<span>Development of a sales and marketing strategy for two quarters, due diligence research, and presentation. Newsletter and social media strategy. Wholesale representative in the Iberia region (Spain and Portugal).  Website maintenance and content creation.<\/span><\/li><li>WWW.RAW-BAG.COM<span>Izrada web stranice sa web shopom za luksuzni modni brend. Izrada skra\u0107enog custom sales funnela za checkout. Dizajn i postavljanje Mailchimp email automatizacija i prodajnih kampanja. Mjese\u010dno odr\u017eavanje web shopa i konzultacije za prodaju i marketing.<\/span><\/li><li>WWW.INCLOUDSJOURNAL.COM - Shopify website<span>Shopify website with a web shop in Croatian and English, connection to a Google Ads profile, Meta and Mailchimp. Basic web shop automation.<\/span><\/li><li>WWW.NAPPO-DESIGN.HR<span>Redesign of the website with a web shop for the sale of 3D printed scales.<\/span><\/li><li>WWW.DUOVILOVICSIPUS.HR<span>WordPress website for accountant Tanja Vilovi\u0107 \u0160ipu\u0161.<\/span><\/li><li>WWW.METAR-MILIMETAR.HR<span>Creation of a website for an architect without a web shop. Quarterly technical and security maintenance of the website.<\/span><\/li><li>WWW.ZAJEDNICKIJEZIK.HR<span>Creation of a website with a web shop and integrated Learndash tool for selling online courses for a translator. Creation of visuals for social networks and sales. Marketing consultations and creation of materials for Meta (Facebook and Instagram) ads.<\/span><\/li><li>WWW.SHARKSORZ.COM - Shopify website<span>Creation of a website with a web shop on the Shopify platform. Development of marketing and sales strategy. Setting up an Amazon shop and creating designs for Instagram and social networks. Setting up email marketing automation.<\/span><\/li><li>WWW.INTELLEGO-EDUKACIJE.HR<span>Creation of a WordPress website with a web shop for consultants for EU projects with the Learndash platform for selling online courses. Creation of e-book designs for sale.<\/span><\/li><li>WWW.MIM.HR<span>Monthly website maintenance with a web shop for a pastry shop. Menu design in PDF format. Design and sending of email marketing campaigns twice a month, and design and organization of email automation.<\/span><\/li><li>WWW.MOJNOVAC.HR<span>Maintaining a website and portal with a web shop with an integrated online membership platform and multiple article authors.<\/span><\/li><li>WWW.KRISTINAERCEGOVIC.COM<span>Creation and maintenance of a website with a web shop by serial entrepreneur, book author and columnist Kristina Ercegovic.<\/span><\/li><li>WWW.ARTPLUSJOURNAL.HR<span>Creation of a website with a web shop in two languages \u200b\u200bfor artist Jelena Bra\u010dun for the sale of artistic luxury planners, without monthly maintenance. Creation of a marketing strategy, creation and design of Meta ads and email newsletter campaigns and automation.<\/span><\/li><li>WWW.LANTERNA.HR<span>Creation and design of a website for renting apartments on the island of Pa\u0161man in English with maintenance.<\/span><\/li><li>WWW.ARTEMSPECULO.HR<span>Website development with a web shop for selling unique, personalized glass items. No maintenance. Recovery of a hacked Facebook account.<\/span><\/li><li>WWW.VELALUKATOURS.HR<span>Website development in English with an external booking system for tourist tours in Vela Luka. <\/span><\/li><li>WWW.AROMADRIA.HR<span>Website development with a web shop for selling delicacies from the island of Pelje\u0161ac. Creation and design of visuals for social networks and setting up accounts on Facebook and Instagram.<\/span><\/li><li>WWW.IRENAMAKEUPARTIST.COM<span>Wordpress website with a web shop for a professional make-up artist. <\/span><\/li><li>WWW.INDESTRUCTIBLESHOP.EU<span>Creation of a website and web shop for the sale of clothing by local designers and own brand in Germany. Monthly newsletter campaign planning and Meta ads campaigns. Quarterly strategy consulting and planning. <\/span><\/li><li>WWW.SALSANDO.HR<span>Creation of a website with a web shop for the Salsando dance center. <\/span><\/li><li>WWW.BRLOG.HR<span>Creation of a website with a web shop for a local, female managed craft brewery in Zadar, Croatia. <\/span><\/li><li>WWW.FINANCIJSKILABORATORIJ.HR<span>Creating a website for a financial consultant.<\/span><\/li><li>WWW.APARTMANIPARADISO.HR<span>Creating a website for renting apartments in Lika and connecting external booking platforms in two languages. <\/span><\/li><li>WWW.HOTELINTERMEZZOPAG.COM<span>Creation of a website in two languages \u200b\u200bwith the integration of external booking systems for a hotel in Pag.<\/span><\/li><li>WWW.MLADENKAMAJERIC.COM<span>Website creation for Mladenka Majeri\u0107, a consultant for non-profit organizations.<\/span><\/li>\t\t\t<\/ul>\n\t\t<\/div>\n\t\t\t\t<\/div>\n\t\t\t\t<\/div>\n\t\t\t\t<div class=\"elementor-element elementor-element-a96687d elementor-widget elementor-widget-spacer\" data-id=\"a96687d\" data-element_type=\"widget\" data-e-type=\"widget\" data-widget_type=\"spacer.default\">\n\t\t\t\t<div class=\"elementor-widget-container\">\n\t\t\t\t\t\t\t<div class=\"elementor-spacer\">\n\t\t\t<div class=\"elementor-spacer-inner\"><\/div>\n\t\t<\/div>\n\t\t\t\t\t\t<\/div>\n\t\t\t\t<\/div>\n\t\t\t\t\t<\/div>\n\t\t\t\t<\/div>\n\t\t<div class=\"elementor-element elementor-element-c4f784f e-flex e-con-boxed e-con e-parent\" data-id=\"c4f784f\" data-element_type=\"container\" data-e-type=\"container\">\n\t\t\t\t\t<div class=\"e-con-inner\">\n\t\t\t\t<div class=\"elementor-element elementor-element-b54e4f1 elementor-widget elementor-widget-spacer\" data-id=\"b54e4f1\" data-element_type=\"widget\" data-e-type=\"widget\" data-widget_type=\"spacer.default\">\n\t\t\t\t<div class=\"elementor-widget-container\">\n\t\t\t\t\t\t\t<div class=\"elementor-spacer\">\n\t\t\t<div class=\"elementor-spacer-inner\"><\/div>\n\t\t<\/div>\n\t\t\t\t\t\t<\/div>\n\t\t\t\t<\/div>\n\t\t\t\t<div class=\"elementor-element elementor-element-19a0513 elementor-widget elementor-widget-heading\" data-id=\"19a0513\" data-element_type=\"widget\" data-e-type=\"widget\" data-widget_type=\"heading.default\">\n\t\t\t\t<div class=\"elementor-widget-container\">\n\t\t\t\t\t<h2 class=\"elementor-heading-title elementor-size-default\">Are you ready to work together?<\/h2>\t\t\t\t<\/div>\n\t\t\t\t<\/div>\n\t\t\t\t<div class=\"elementor-element elementor-element-17bb32a elementor-widget elementor-widget-text-editor\" data-id=\"17bb32a\" data-element_type=\"widget\" data-e-type=\"widget\" data-widget_type=\"text-editor.default\">\n\t\t\t\t<div class=\"elementor-widget-container\">\n\t\t\t\t\t\t\t\t\t<p>I am taking a limited number of new clients.<\/p><p>If you are interested in working together, please book a discovery call. We'll discuss your current challenges and see if we are a good match.<\/p><p>\u00a0<\/p>\t\t\t\t\t\t\t\t<\/div>\n\t\t\t\t<\/div>\n\t\t\t\t<div class=\"elementor-element elementor-element-10e3a541 elementor-align-center elementor-widget elementor-widget-button\" data-id=\"10e3a541\" data-element_type=\"widget\" data-e-type=\"widget\" data-widget_type=\"button.default\">\n\t\t\t\t<div class=\"elementor-widget-container\">\n\t\t\t\t\t\t\t\t\t<div class=\"elementor-button-wrapper\">\n\t\t\t\t\t<a class=\"elementor-button elementor-button-link elementor-size-sm\" href=\"https:\/\/calendly.com\/thebrandtale\/besplatnih-20-minuta-konzultacija\">\n\t\t\t\t\t\t<span class=\"elementor-button-content-wrapper\">\n\t\t\t\t\t\t\t\t\t<span class=\"elementor-button-text\">BOOK A DISCOVERY CALL!<\/span>\n\t\t\t\t\t<\/span>\n\t\t\t\t\t<\/a>\n\t\t\t\t<\/div>\n\t\t\t\t\t\t\t\t<\/div>\n\t\t\t\t<\/div>\n\t\t\t\t<div class=\"elementor-element elementor-element-d249c5b elementor-widget elementor-widget-spacer\" data-id=\"d249c5b\" data-element_type=\"widget\" data-e-type=\"widget\" data-widget_type=\"spacer.default\">\n\t\t\t\t<div class=\"elementor-widget-container\">\n\t\t\t\t\t\t\t<div class=\"elementor-spacer\">\n\t\t\t<div class=\"elementor-spacer-inner\"><\/div>\n\t\t<\/div>\n\t\t\t\t\t\t<\/div>\n\t\t\t\t<\/div>\n\t\t\t\t\t<\/div>\n\t\t\t\t<\/div>\n\t\t\t\t<\/div>","protected":false},"excerpt":{"rendered":"PROJEKTI Raw Bag Nadja.hr InClouds.journal WWW.NADJA.HRIzrada web stranice sa web shopom za psihoterapeutkinju i postavljanje learndash programa za prodaju online te\u010dajeva. Postavljanje prodaje online pretplatnog programa. Mjese\u010dno pau\u0161alno odr\u017eavanje web stranice vi\u0161e od 3 godine. Organizacija i izrada email marketing kampanja i automatizacija. Dizajn i izrada e-knji\u017eica za prodaju. Dizajn vizuala za dru\u0161tvene mre\u017ee. WWW.MAJAOG.COMIzrada","protected":false},"author":1,"featured_media":0,"parent":0,"menu_order":0,"comment_status":"closed","ping_status":"closed","template":"","meta":{"footnotes":""},"class_list":["post-703","page","type-page","status-publish","hentry"],"aioseo_notices":[],"_links":{"self":[{"href":"https:\/\/www.thebrandtale.com\/en\/wp-json\/wp\/v2\/pages\/703","targetHints":{"allow":["GET"]}}],"collection":[{"href":"https:\/\/www.thebrandtale.com\/en\/wp-json\/wp\/v2\/pages"}],"about":[{"href":"https:\/\/www.thebrandtale.com\/en\/wp-json\/wp\/v2\/types\/page"}],"author":[{"embeddable":true,"href":"https:\/\/www.thebrandtale.com\/en\/wp-json\/wp\/v2\/users\/1"}],"replies":[{"embeddable":true,"href":"https:\/\/www.thebrandtale.com\/en\/wp-json\/wp\/v2\/comments?post=703"}],"version-history":[{"count":56,"href":"https:\/\/www.thebrandtale.com\/en\/wp-json\/wp\/v2\/pages\/703\/revisions"}],"predecessor-version":[{"id":3172,"href":"https:\/\/www.thebrandtale.com\/en\/wp-json\/wp\/v2\/pages\/703\/revisions\/3172"}],"wp:attachment":[{"href":"https:\/\/www.thebrandtale.com\/en\/wp-json\/wp\/v2\/media?parent=703"}],"curies":[{"name":"wp","href":"https:\/\/api.w.org\/{rel}","templated":true}]}}